{"id":190,"date":"2022-02-18T01:56:11","date_gmt":"2022-02-18T07:56:11","guid":{"rendered":"https:\/\/alfaroyasociados.hn\/?page_id=190"},"modified":"2024-12-19T16:15:43","modified_gmt":"2024-12-19T22:15:43","slug":"global-network","status":"publish","type":"page","link":"https:\/\/alfaroyasociados.hn\/en\/global-network\/","title":{"rendered":"Kreston Global"},"content":{"rendered":"<body>\t\t<div data-elementor-type=\"wp-page\" data-elementor-id=\"190\" class=\"elementor elementor-190\">\n\t\t\t\t\t\t<section class=\"elementor-section elementor-top-section elementor-element elementor-element-08090fb elementor-section-full_width elementor-section-height-default elementor-section-height-default\" data-id=\"08090fb\" data-element_type=\"section\" data-e-type=\"section\" data-settings=\"{&quot;background_background&quot;:&quot;classic&quot;}\">\n\t\t\t\t\t\t<div class=\"elementor-container elementor-column-gap-no\">\n\t\t\t\t\t<div class=\"elementor-column elementor-col-100 elementor-top-column elementor-element elementor-element-75fc4ab\" data-id=\"75fc4ab\" data-element_type=\"column\" data-e-type=\"column\" data-settings=\"{&quot;background_background&quot;:&quot;classic&quot;}\">\n\t\t\t<div class=\"elementor-widget-wrap elementor-element-populated\">\n\t\t\t\t\t\t<div class=\"elementor-element elementor-element-3dd17a7 elementor-widget elementor-widget-spacer\" data-id=\"3dd17a7\" data-element_type=\"widget\" data-e-type=\"widget\" data-widget_type=\"spacer.default\">\n\t\t\t\t<div class=\"elementor-widget-container\">\n\t\t\t\t\t\t\t<div class=\"elementor-spacer\">\n\t\t\t<div class=\"elementor-spacer-inner\"><\/div>\n\t\t<\/div>\n\t\t\t\t\t\t<\/div>\n\t\t\t\t<\/div>\n\t\t\t\t\t<\/div>\n\t\t<\/div>\n\t\t\t\t\t<\/div>\n\t\t<\/section>\n\t\t\t\t<section class=\"elementor-section elementor-top-section elementor-element elementor-element-28fa416 elementor-section-full_width elementor-section-height-default elementor-section-height-default\" data-id=\"28fa416\" data-element_type=\"section\" data-e-type=\"section\">\n\t\t\t\t\t\t<div class=\"elementor-container elementor-column-gap-no\">\n\t\t\t\t\t<div class=\"elementor-column elementor-col-100 elementor-top-column elementor-element elementor-element-9978c90\" data-id=\"9978c90\" data-element_type=\"column\" data-e-type=\"column\">\n\t\t\t<div class=\"elementor-widget-wrap elementor-element-populated\">\n\t\t\t\t\t\t<div class=\"elementor-element elementor-element-2f90d43 elementor-widget elementor-widget-spacer\" data-id=\"2f90d43\" data-element_type=\"widget\" data-e-type=\"widget\" data-widget_type=\"spacer.default\">\n\t\t\t\t<div class=\"elementor-widget-container\">\n\t\t\t\t\t\t\t<div class=\"elementor-spacer\">\n\t\t\t<div class=\"elementor-spacer-inner\"><\/div>\n\t\t<\/div>\n\t\t\t\t\t\t<\/div>\n\t\t\t\t<\/div>\n\t\t\t\t\t<\/div>\n\t\t<\/div>\n\t\t\t\t\t<\/div>\n\t\t<\/section>\n\t\t\t\t<section class=\"elementor-section elementor-top-section elementor-element elementor-element-95fb630 elementor-section-boxed elementor-section-height-default elementor-section-height-default\" data-id=\"95fb630\" data-element_type=\"section\" data-e-type=\"section\" data-settings=\"{&quot;background_background&quot;:&quot;classic&quot;,&quot;animation&quot;:&quot;none&quot;}\">\n\t\t\t\t\t\t<div class=\"elementor-container elementor-column-gap-default\">\n\t\t\t\t\t<div class=\"elementor-column elementor-col-50 elementor-top-column elementor-element elementor-element-40528f5 animated-slow elementor-invisible\" data-id=\"40528f5\" data-element_type=\"column\" data-e-type=\"column\" data-settings=\"{&quot;animation&quot;:&quot;zoomIn&quot;}\">\n\t\t\t<div class=\"elementor-widget-wrap elementor-element-populated\">\n\t\t\t\t\t\t<div class=\"elementor-element elementor-element-cdbf1c3 elementor-widget elementor-widget-heading\" data-id=\"cdbf1c3\" data-element_type=\"widget\" data-e-type=\"widget\" data-widget_type=\"heading.default\">\n\t\t\t\t<div class=\"elementor-widget-container\">\n\t\t\t\t\t<h2 class=\"elementor-heading-title elementor-size-default\">Kreston Global<\/h2>\t\t\t\t<\/div>\n\t\t\t\t<\/div>\n\t\t\t\t<div class=\"elementor-element elementor-element-f70864f elementor-widget__width-initial elementor-widget elementor-widget-text-editor\" data-id=\"f70864f\" data-element_type=\"widget\" data-e-type=\"widget\" data-widget_type=\"text-editor.default\">\n\t\t\t\t<div class=\"elementor-widget-container\">\n\t\t\t\t\t\t\t\t\t<p>Kreston combines over 200 accounting firms in 120 countries around the world. Established in 1971, our independent network of member firms works with organizations and individuals seeking to expand and develop their international operations.<\/p><p>All Kreston firms share a similar professional spirit, a business-focused approach, and set very high standards. Whether you are already an active international player, looking for new markets, or a successful organization seeking to expand beyond national borders, Kreston firms will guide you through the challenges of working internationally. This includes dealing with cross-border tax issues, transfer pricing, or establishing in new markets with the right structures, investment, or payroll support.<\/p><p>Our firms are often led by partners who began their careers at the Big 4 or other larger international firms, but now lead their own advisory firms, eager to add real value to what you are trying to achieve. All engagements are led by partners, meaning you get the benefit of high-quality global business services with a cost-effective budget.<\/p><p>As a Kreston client, you will have a single point of contact, whether working in one country or multiple locations, or access to local expert contacts in various countries. Typically, our firms, partners, and employees live and work within their communities and have in-depth knowledge of local laws, culture, and customs.<\/p><p>With access to over 22,000 dedicated professionals worldwide and our global expert groups, the Kreston network is here to help you succeed internationally.<\/p>\t\t\t\t\t\t\t\t<\/div>\n\t\t\t\t<\/div>\n\t\t\t\t<div class=\"elementor-element elementor-element-2d066a2 elementor-align-left elementor-widget elementor-widget-button\" data-id=\"2d066a2\" data-element_type=\"widget\" data-e-type=\"widget\" data-widget_type=\"button.default\">\n\t\t\t\t<div class=\"elementor-widget-container\">\n\t\t\t\t\t\t\t\t\t<div class=\"elementor-button-wrapper\">\n\t\t\t\t\t<a class=\"elementor-button elementor-button-link elementor-size-sm\" href=\"https:\/\/www.kreston.com\/\" target=\"_blank\">\n\t\t\t\t\t\t<span class=\"elementor-button-content-wrapper\">\n\t\t\t\t\t\t\t\t\t<span class=\"elementor-button-text\">Visit Kreston Global<\/span>\n\t\t\t\t\t<\/span>\n\t\t\t\t\t<\/a>\n\t\t\t\t<\/div>\n\t\t\t\t\t\t\t\t<\/div>\n\t\t\t\t<\/div>\n\t\t\t\t\t<\/div>\n\t\t<\/div>\n\t\t\t\t<div class=\"elementor-column elementor-col-50 elementor-top-column elementor-element elementor-element-21afa5f elementor-invisible\" data-id=\"21afa5f\" data-element_type=\"column\" data-e-type=\"column\" data-settings=\"{&quot;animation&quot;:&quot;zoomIn&quot;}\">\n\t\t\t<div class=\"elementor-widget-wrap elementor-element-populated\">\n\t\t\t\t\t\t<div class=\"elementor-element elementor-element-d2ea95b elementor-widget elementor-widget-spacer\" data-id=\"d2ea95b\" data-element_type=\"widget\" data-e-type=\"widget\" data-widget_type=\"spacer.default\">\n\t\t\t\t<div class=\"elementor-widget-container\">\n\t\t\t\t\t\t\t<div class=\"elementor-spacer\">\n\t\t\t<div class=\"elementor-spacer-inner\"><\/div>\n\t\t<\/div>\n\t\t\t\t\t\t<\/div>\n\t\t\t\t<\/div>\n\t\t\t\t<div class=\"elementor-element elementor-element-f1d6360 elementor-widget elementor-widget-heading\" data-id=\"f1d6360\" data-element_type=\"widget\" data-e-type=\"widget\" data-widget_type=\"heading.default\">\n\t\t\t\t<div class=\"elementor-widget-container\">\n\t\t\t\t\t<h2 class=\"elementor-heading-title elementor-size-default\">Tegucigalpa<\/h2>\t\t\t\t<\/div>\n\t\t\t\t<\/div>\n\t\t\t\t<div class=\"elementor-element elementor-element-cf5a91d elementor-widget-divider--view-line elementor-widget elementor-widget-divider\" data-id=\"cf5a91d\" data-element_type=\"widget\" data-e-type=\"widget\" data-widget_type=\"divider.default\">\n\t\t\t\t<div class=\"elementor-widget-container\">\n\t\t\t\t\t\t\t<div class=\"elementor-divider\">\n\t\t\t<span class=\"elementor-divider-separator\">\n\t\t\t\t\t\t<\/span>\n\t\t<\/div>\n\t\t\t\t\t\t<\/div>\n\t\t\t\t<\/div>\n\t\t\t\t<div class=\"elementor-element elementor-element-76e7dc9 elementor-widget__width-initial elementor-widget elementor-widget-text-editor\" data-id=\"76e7dc9\" data-element_type=\"widget\" data-e-type=\"widget\" data-widget_type=\"text-editor.default\">\n\t\t\t\t<div class=\"elementor-widget-container\">\n\t\t\t\t\t\t\t\t\t<p><span style=\"color: #33cccc;\"><strong><span style=\"color: #000000;\">Direcci\u00f3n:<\/span><\/strong><\/span><br>Boulevard Moraz\u00e1n, Col. Montecarlo, Calle 1, Casa 0310, Tegucigalpa, Honduras<\/p><p><span style=\"color: #000000;\"><strong>Tel\u00e9fonos:<\/strong><\/span><br>(504) 9787-1671 \/ (504) 9984-5704 \/ (504) 2236-6923<\/p><p><span style=\"color: #000000;\"><strong>Correo electr\u00f3nico:<\/strong><\/span><br>auditores@alfaroyasociados.hn<\/p>\t\t\t\t\t\t\t\t<\/div>\n\t\t\t\t<\/div>\n\t\t\t\t<div class=\"elementor-element elementor-element-2da90f2 elementor-widget elementor-widget-spacer\" data-id=\"2da90f2\" data-element_type=\"widget\" data-e-type=\"widget\" data-widget_type=\"spacer.default\">\n\t\t\t\t<div class=\"elementor-widget-container\">\n\t\t\t\t\t\t\t<div class=\"elementor-spacer\">\n\t\t\t<div class=\"elementor-spacer-inner\"><\/div>\n\t\t<\/div>\n\t\t\t\t\t\t<\/div>\n\t\t\t\t<\/div>\n\t\t\t\t<div class=\"elementor-element elementor-element-7314a05 elementor-widget elementor-widget-heading\" data-id=\"7314a05\" data-element_type=\"widget\" data-e-type=\"widget\" data-widget_type=\"heading.default\">\n\t\t\t\t<div class=\"elementor-widget-container\">\n\t\t\t\t\t<h2 class=\"elementor-heading-title elementor-size-default\">Our International Firm<\/h2>\t\t\t\t<\/div>\n\t\t\t\t<\/div>\n\t\t\t\t<div class=\"elementor-element elementor-element-6662da7 elementor-widget elementor-widget-video\" data-id=\"6662da7\" data-element_type=\"widget\" data-e-type=\"widget\" data-settings=\"{&quot;youtube_url&quot;:&quot;https:\\\/\\\/youtu.be\\\/nfGRCbOd45k?si=emWwCZgQ40ipvZ-Z&quot;,&quot;start&quot;:0,&quot;autoplay&quot;:&quot;yes&quot;,&quot;play_on_mobile&quot;:&quot;yes&quot;,&quot;loop&quot;:&quot;yes&quot;,&quot;show_image_overlay&quot;:&quot;yes&quot;,&quot;image_overlay&quot;:{&quot;url&quot;:&quot;https:\\\/\\\/alfaroyasociados.hn\\\/en\\\/wp-content\\\/uploads\\\/2024\\\/12\\\/Captura-de-pantalla-2024-12-17-165238.png&quot;,&quot;id&quot;:&quot;691&quot;,&quot;size&quot;:&quot;&quot;},&quot;video_type&quot;:&quot;youtube&quot;,&quot;controls&quot;:&quot;yes&quot;}\" data-widget_type=\"video.default\">\n\t\t\t\t<div class=\"elementor-widget-container\">\n\t\t\t\t\t\t\t<div class=\"elementor-wrapper elementor-open-inline\">\n\t\t\t<div class=\"elementor-video\"><\/div>\t\t\t\t<div class=\"elementor-custom-embed-image-overlay\" style=\"background-image: url(https:\/\/i0.wp.com\/alfaroyasociados.hn\/en\/wp-content\/uploads\/2024\/12\/Captura-de-pantalla-2024-12-17-165238.png?fit=1220%2C579&amp;ssl=1);\">\n\t\t\t\t\t\t\t\t\t\t\t\t\t\t\t\t<div class=\"elementor-custom-embed-play\" role=\"button\" aria-label=\"Reproducir v\u00eddeo\" tabindex=\"0\">\n\t\t\t\t\t\t\t<i aria-hidden=\"true\" class=\"eicon-play\"><\/i>\t\t\t\t\t\t<\/div>\n\t\t\t\t\t\t\t\t\t<\/div>\n\t\t\t\t\t<\/div>\n\t\t\t\t\t\t<\/div>\n\t\t\t\t<\/div>\n\t\t\t\t<div class=\"elementor-element elementor-element-815b0f2 elementor-widget elementor-widget-heading\" data-id=\"815b0f2\" data-element_type=\"widget\" data-e-type=\"widget\" data-widget_type=\"heading.default\">\n\t\t\t\t<div class=\"elementor-widget-container\">\n\t\t\t\t\t<h2 class=\"elementor-heading-title elementor-size-default\">Forum of Firms<\/h2>\t\t\t\t<\/div>\n\t\t\t\t<\/div>\n\t\t\t\t<div class=\"elementor-element elementor-element-406a0d0 elementor-widget elementor-widget-text-editor\" data-id=\"406a0d0\" data-element_type=\"widget\" data-e-type=\"widget\" data-widget_type=\"text-editor.default\">\n\t\t\t\t<div class=\"elementor-widget-container\">\n\t\t\t\t\t\t\t\t\t<p>Kreston Global es miembro del Foro de firmas. El foro es una asociaci\u00f3n de redes internacionales de firmas de contabilidad. Su objetivo es promover est\u00e1ndares de calidad y consistencia en las pr\u00e1cticas de auditor\u00eda e informes financieros en todo el mundo.<\/p>\t\t\t\t\t\t\t\t<\/div>\n\t\t\t\t<\/div>\n\t\t\t\t<div class=\"elementor-element elementor-element-7ea7d06 elementor-widget__width-auto elementor-widget elementor-widget-image\" data-id=\"7ea7d06\" data-element_type=\"widget\" data-e-type=\"widget\" data-widget_type=\"image.default\">\n\t\t\t\t<div class=\"elementor-widget-container\">\n\t\t\t\t\t\t\t\t\t\t\t\t\t\t\t<img loading=\"lazy\" decoding=\"async\" width=\"500\" height=\"80\" src=\"https:\/\/i0.wp.com\/alfaroyasociados.hn\/en\/wp-content\/uploads\/2024\/12\/forum-of-firms.png?fit=500%2C80&amp;ssl=1\" class=\"attachment-bdfe-large-thumb size-bdfe-large-thumb wp-image-692\" alt=\"\" srcset=\"https:\/\/i0.wp.com\/alfaroyasociados.hn\/en\/wp-content\/uploads\/2024\/12\/forum-of-firms.png?w=500&amp;ssl=1 500w, https:\/\/i0.wp.com\/alfaroyasociados.hn\/en\/wp-content\/uploads\/2024\/12\/forum-of-firms.png?resize=300%2C48&amp;ssl=1 300w\" sizes=\"auto, (max-width: 500px) 100vw, 500px\" loading=\"lazy\">\t\t\t\t\t\t\t\t\t\t\t\t\t\t\t<\/div>\n\t\t\t\t<\/div>\n\t\t\t\t\t<\/div>\n\t\t<\/div>\n\t\t\t\t\t<\/div>\n\t\t<\/section>\n\t\t\t\t<\/div>\n\t\t<\/body>","protected":false},"excerpt":{"rendered":"<p>Kreston Global Kreston combines over 200 accounting firms in 120 countries around the world. Established in 1971, our independent network of member firms works with organizations and individuals seeking to expand and develop their international operations. All Kreston firms share a similar professional spirit, a business-focused approach, and set very high standards. Whether you are &#8230; <a title=\"Kreston Global\" class=\"read-more\" href=\"https:\/\/alfaroyasociados.hn\/en\/global-network\/\" aria-label=\"Leer m\u00e1s sobre Kreston Global\">Leer m\u00e1s<\/a><\/p>\n","protected":false},"author":1,"featured_media":0,"parent":0,"menu_order":0,"comment_status":"closed","ping_status":"closed","template":"elementor_canvas","meta":{"om_disable_all_campaigns":false,"footnotes":""},"class_list":["post-190","page","type-page","status-publish"],"jetpack_sharing_enabled":true,"_links":{"self":[{"href":"https:\/\/alfaroyasociados.hn\/en\/wp-json\/wp\/v2\/pages\/190","targetHints":{"allow":["GET"]}}],"collection":[{"href":"https:\/\/alfaroyasociados.hn\/en\/wp-json\/wp\/v2\/pages"}],"about":[{"href":"https:\/\/alfaroyasociados.hn\/en\/wp-json\/wp\/v2\/types\/page"}],"author":[{"embeddable":true,"href":"https:\/\/alfaroyasociados.hn\/en\/wp-json\/wp\/v2\/users\/1"}],"replies":[{"embeddable":true,"href":"https:\/\/alfaroyasociados.hn\/en\/wp-json\/wp\/v2\/comments?post=190"}],"version-history":[{"count":5,"href":"https:\/\/alfaroyasociados.hn\/en\/wp-json\/wp\/v2\/pages\/190\/revisions"}],"predecessor-version":[{"id":741,"href":"https:\/\/alfaroyasociados.hn\/en\/wp-json\/wp\/v2\/pages\/190\/revisions\/741"}],"wp:attachment":[{"href":"https:\/\/alfaroyasociados.hn\/en\/wp-json\/wp\/v2\/media?parent=190"}],"curies":[{"name":"wp","href":"https:\/\/api.w.org\/{rel}","templated":true}]}}